{"id":11,"date":"2018-12-05T17:07:57","date_gmt":"2018-12-05T16:07:57","guid":{"rendered":"https:\/\/www.imp-parentheses.fr\/?page_id=11"},"modified":"2024-04-03T12:07:34","modified_gmt":"2024-04-03T10:07:34","slug":"scop-imprimerie-nantes","status":"publish","type":"page","link":"https:\/\/www.imp-parentheses.fr\/bienvenue\/accueil\/scop-imprimerie-nantes\/","title":{"rendered":"La SCOP Parenth\u00e8ses"},"content":{"rendered":"\n<h2 class=\"wp-block-heading has-text-align-center\">L&rsquo;unique imprimerie SCOP<br>\u00e0 Nantes<\/h2>\n\n\n<div class=\"wp-block-image\">\n<figure class=\"aligncenter\"><img decoding=\"async\" src=\"https:\/\/www.imp-parentheses.fr\/wp-content\/uploads\/2018\/12\/logo-scop-150x68.jpg\" alt=\"logo-scop\" title=\"logo-scop\"\/><\/figure>\n<\/div>\n\n\n<p>L\u2019entreprise, fond\u00e9e en 1982 par quatre salari\u00e9s sous forme de SCOP, est au service  d&rsquo;une client\u00e8le vari\u00e9e : entreprises, particuliers, associations, mairies&#8230; Depuis sa cr\u00e9ation, elle met tout en \u0153uvre afin de transmettre aux personnes qui la rejoignent un savoir-faire, en application des principes coop\u00e9ratifs.<\/p>\n\n\n\n<h2 class=\"wp-block-heading has-text-align-center\">LA D\u00c9MARCHE RSE<\/h2>\n\n\n<div class=\"wp-block-image\">\n<figure class=\"aligncenter\"><img decoding=\"async\" src=\"https:\/\/www.imp-parentheses.fr\/wp-content\/uploads\/2018\/12\/logo-planet-rse-150x68.jpg\" alt=\"logo-planet-rse\" title=\"logo-planet-rse\"\/><\/figure>\n<\/div>\n\n\n<p class=\"has-text-align-center\"><br><strong><em>l\u2019humain au centre des d\u00e9cisions.<\/em><\/strong><\/p>\n\n\n\n<p>C\u2019est ainsi que nos fondateurs dessinaient, il y a plus de quarante ans, notre mod\u00e8le coop\u00e9ratif et ses valeurs associ\u00e9es qui font aujourd\u2019hui encore notre force !<\/p>\n\n\n\n<h2 class=\"wp-block-heading has-text-align-center\">IMPRIM&rsquo; VERT<\/h2>\n\n\n<div class=\"wp-block-image\">\n<figure class=\"aligncenter\"><img decoding=\"async\" src=\"https:\/\/www.imp-parentheses.fr\/wp-content\/uploads\/2018\/12\/logo-rond-imprim-vert-v2-150x150.jpg\" alt=\"logo-rond-imprim-vert-v2\" title=\"logo-rond-imprim-vert-v2\"\/><\/figure>\n<\/div>\n\n\n<p>Le 30 juin 2005 le Conseil G\u00e9n\u00e9ral de Loire-Atlantique en partenariat avec la Chambre de M\u00e9tiers et de l\u2019Artisanat de Loire-Atlantique et les CCI de Nantes et de Saint-Nazaire nous a d\u00e9cern\u00e9 le label <strong>Imprim\u2019vert<\/strong>, reconnaissant par la m\u00eame occasion nos efforts en mati\u00e8re de pr\u00e9servation  de l\u2019environnement.<br><br>Nous utilisons des encre \u00e0 base v\u00e9g\u00e9tale pour l&rsquo;offset et l&rsquo;impression grand format. Les solvants de lavage pour les encriers et les rouleaux de la presse offset sont certifi\u00e9s non volatiles (BIO3). Pas d&rsquo;utilisation d&rsquo;alcool isopropylique.<\/p>\n\n\n\n<p class=\"has-text-align-center\"><br><em><strong>L\u2019imprimerie Parenth\u00e8ses s&rsquo;<\/strong><\/em><em><strong>engage<\/strong><\/em> <em><strong>dans le traitement de ses d\u00e9chets<\/strong>.<\/em><\/p>\n\n\n\n<p>Chaque type de mat\u00e9riau est tri\u00e9 et r\u00e9cup\u00e9r\u00e9 par des entreprises partenaires sp\u00e9cialis\u00e9es<\/p>\n\n\n\n<ul class=\"wp-block-list\">\n<li>papier, carton, tissu, palette, <\/li>\n\n\n\n<li>aluminium (plaques offset, bo\u00eetes d&rsquo;encre)<\/li>\n\n\n\n<li>cartouches de toner des imprimantes laser<\/li>\n\n\n\n<li>bidons, b\u00e2che et plastiques d&#8217;emballage<strong>.<\/strong><\/li>\n<\/ul>\n","protected":false},"excerpt":{"rendered":"<p>L&rsquo;unique imprimerie SCOP\u00e0 Nantes L\u2019entreprise, fond\u00e9e en 1982 par quatre salari\u00e9s sous forme de SCOP, est au service d&rsquo;une client\u00e8le vari\u00e9e : entreprises, particuliers, associations, mairies&#8230; Depuis sa cr\u00e9ation, elle met tout en \u0153uvre afin de transmettre aux personnes qui la rejoignent un savoir-faire, en application des principes coop\u00e9ratifs. LA D\u00c9MARCHE RSE l\u2019humain au centre [&hellip;]<\/p>\n","protected":false},"author":2,"featured_media":0,"parent":0,"menu_order":0,"comment_status":"closed","ping_status":"closed","template":"","meta":{"footnotes":""},"class_list":["post-11","page","type-page","status-publish","hentry"],"_links":{"self":[{"href":"https:\/\/www.imp-parentheses.fr\/bienvenue\/accueil\/wp-json\/wp\/v2\/pages\/11","targetHints":{"allow":["GET"]}}],"collection":[{"href":"https:\/\/www.imp-parentheses.fr\/bienvenue\/accueil\/wp-json\/wp\/v2\/pages"}],"about":[{"href":"https:\/\/www.imp-parentheses.fr\/bienvenue\/accueil\/wp-json\/wp\/v2\/types\/page"}],"author":[{"embeddable":true,"href":"https:\/\/www.imp-parentheses.fr\/bienvenue\/accueil\/wp-json\/wp\/v2\/users\/2"}],"replies":[{"embeddable":true,"href":"https:\/\/www.imp-parentheses.fr\/bienvenue\/accueil\/wp-json\/wp\/v2\/comments?post=11"}],"version-history":[{"count":17,"href":"https:\/\/www.imp-parentheses.fr\/bienvenue\/accueil\/wp-json\/wp\/v2\/pages\/11\/revisions"}],"predecessor-version":[{"id":562,"href":"https:\/\/www.imp-parentheses.fr\/bienvenue\/accueil\/wp-json\/wp\/v2\/pages\/11\/revisions\/562"}],"wp:attachment":[{"href":"https:\/\/www.imp-parentheses.fr\/bienvenue\/accueil\/wp-json\/wp\/v2\/media?parent=11"}],"curies":[{"name":"wp","href":"https:\/\/api.w.org\/{rel}","templated":true}]}}