{"id":332,"date":"2023-09-05T17:53:23","date_gmt":"2023-09-05T15:53:23","guid":{"rendered":"https:\/\/www.imp-parentheses.fr\/?page_id=332"},"modified":"2026-02-19T12:28:11","modified_gmt":"2026-02-19T11:28:11","slug":"accueil","status":"publish","type":"page","link":"https:\/\/www.imp-parentheses.fr\/bienvenue\/accueil\/","title":{"rendered":"Bienvenue !"},"content":{"rendered":"\n<div class=\"wp-block-columns is-layout-flex wp-container-core-columns-is-layout-9d6595d7 wp-block-columns-is-layout-flex\">\n<div class=\"wp-block-column is-layout-flow wp-block-column-is-layout-flow\">\n<p>L&rsquo;imprimerie Parenth\u00e8ses est \u00e0 votre service pour toutes vos impressions offset, num\u00e9rique et grand format.<\/p>\n\n\n\n<ul class=\"wp-block-list\">\n<li>Cartes de visite, d\u00e9pliants, brochures&#8230;<\/li>\n\n\n\n<li>Kak\u00e9monos, b\u00e2ches, adh\u00e9sifs&#8230;<\/li>\n\n\n\n<li>Bo\u00eetes en petit format, cartes \u00e0 jouer&#8230;<\/li>\n<\/ul>\n\n\n\n<h2 class=\"wp-block-heading\">Les nouvelles r\u00e9alisations<\/h2>\n\n\n\n<p> Gr\u00e2ce \u00e0 notre machine de d\u00e9coupe \u00e0 plat, nous pouvons r\u00e9aliser des jeux de cartes, petites bo\u00eetes, adh\u00e9sifs, magnets, puzzles&#8230;<br>Les outils permettent de faire des d\u00e9coupe et des rainages personnalis\u00e9s<\/p>\n\n\n\n<figure class=\"wp-block-gallery has-nested-images columns-2 wp-block-gallery-1 is-layout-flex wp-block-gallery-is-layout-flex\">\n<figure class=\"wp-block-image size-full\"><img loading=\"lazy\" decoding=\"async\" width=\"600\" height=\"395\" data-id=\"770\" src=\"https:\/\/www.imp-parentheses.fr\/wp-content\/uploads\/2026\/02\/boite-parentheses.jpg\" alt=\"\" class=\"wp-image-770\" srcset=\"https:\/\/www.imp-parentheses.fr\/wp-content\/uploads\/2026\/02\/boite-parentheses.jpg 600w, https:\/\/www.imp-parentheses.fr\/wp-content\/uploads\/2026\/02\/boite-parentheses-300x198.jpg 300w, https:\/\/www.imp-parentheses.fr\/wp-content\/uploads\/2026\/02\/boite-parentheses-150x99.jpg 150w\" sizes=\"auto, (max-width: 600px) 100vw, 600px\" \/><\/figure>\n\n\n\n<figure class=\"wp-block-image size-full\"><img loading=\"lazy\" decoding=\"async\" width=\"600\" height=\"348\" data-id=\"777\" src=\"https:\/\/www.imp-parentheses.fr\/wp-content\/uploads\/2026\/02\/IMG_1579.jpg\" alt=\"\" class=\"wp-image-777\" srcset=\"https:\/\/www.imp-parentheses.fr\/wp-content\/uploads\/2026\/02\/IMG_1579.jpg 600w, https:\/\/www.imp-parentheses.fr\/wp-content\/uploads\/2026\/02\/IMG_1579-300x174.jpg 300w, https:\/\/www.imp-parentheses.fr\/wp-content\/uploads\/2026\/02\/IMG_1579-150x87.jpg 150w\" sizes=\"auto, (max-width: 600px) 100vw, 600px\" \/><\/figure>\n\n\n\n<figure class=\"wp-block-image size-full\"><img loading=\"lazy\" decoding=\"async\" width=\"393\" height=\"400\" data-id=\"778\" src=\"https:\/\/www.imp-parentheses.fr\/wp-content\/uploads\/2026\/02\/jeu-de-cartes.jpg\" alt=\"\" class=\"wp-image-778\" srcset=\"https:\/\/www.imp-parentheses.fr\/wp-content\/uploads\/2026\/02\/jeu-de-cartes.jpg 393w, https:\/\/www.imp-parentheses.fr\/wp-content\/uploads\/2026\/02\/jeu-de-cartes-295x300.jpg 295w, https:\/\/www.imp-parentheses.fr\/wp-content\/uploads\/2026\/02\/jeu-de-cartes-147x150.jpg 147w\" sizes=\"auto, (max-width: 393px) 100vw, 393px\" \/><\/figure>\n\n\n\n<figure class=\"wp-block-image size-full\"><img loading=\"lazy\" decoding=\"async\" width=\"600\" height=\"343\" data-id=\"773\" src=\"https:\/\/www.imp-parentheses.fr\/wp-content\/uploads\/2026\/02\/etiquette-jho.jpg\" alt=\"\" class=\"wp-image-773\" srcset=\"https:\/\/www.imp-parentheses.fr\/wp-content\/uploads\/2026\/02\/etiquette-jho.jpg 600w, https:\/\/www.imp-parentheses.fr\/wp-content\/uploads\/2026\/02\/etiquette-jho-300x172.jpg 300w, https:\/\/www.imp-parentheses.fr\/wp-content\/uploads\/2026\/02\/etiquette-jho-150x86.jpg 150w\" sizes=\"auto, (max-width: 600px) 100vw, 600px\" \/><\/figure>\n\n\n\n<figure class=\"wp-block-image size-full\"><img loading=\"lazy\" decoding=\"async\" width=\"600\" height=\"365\" data-id=\"774\" src=\"https:\/\/www.imp-parentheses.fr\/wp-content\/uploads\/2026\/02\/IMG_1545.jpg\" alt=\"\" class=\"wp-image-774\" srcset=\"https:\/\/www.imp-parentheses.fr\/wp-content\/uploads\/2026\/02\/IMG_1545.jpg 600w, https:\/\/www.imp-parentheses.fr\/wp-content\/uploads\/2026\/02\/IMG_1545-300x183.jpg 300w, https:\/\/www.imp-parentheses.fr\/wp-content\/uploads\/2026\/02\/IMG_1545-150x91.jpg 150w\" sizes=\"auto, (max-width: 600px) 100vw, 600px\" \/><\/figure>\n\n\n\n<figure class=\"wp-block-image size-full\"><img loading=\"lazy\" decoding=\"async\" width=\"409\" height=\"400\" data-id=\"780\" src=\"https:\/\/www.imp-parentheses.fr\/wp-content\/uploads\/2026\/02\/magnets.jpg\" alt=\"\" class=\"wp-image-780\" srcset=\"https:\/\/www.imp-parentheses.fr\/wp-content\/uploads\/2026\/02\/magnets.jpg 409w, https:\/\/www.imp-parentheses.fr\/wp-content\/uploads\/2026\/02\/magnets-300x293.jpg 300w, https:\/\/www.imp-parentheses.fr\/wp-content\/uploads\/2026\/02\/magnets-150x147.jpg 150w\" sizes=\"auto, (max-width: 409px) 100vw, 409px\" \/><\/figure>\n\n\n\n<figure class=\"wp-block-image size-full\"><img loading=\"lazy\" decoding=\"async\" width=\"600\" height=\"397\" data-id=\"781\" src=\"https:\/\/www.imp-parentheses.fr\/wp-content\/uploads\/2026\/02\/masques.jpg\" alt=\"\" class=\"wp-image-781\" srcset=\"https:\/\/www.imp-parentheses.fr\/wp-content\/uploads\/2026\/02\/masques.jpg 600w, https:\/\/www.imp-parentheses.fr\/wp-content\/uploads\/2026\/02\/masques-300x199.jpg 300w, https:\/\/www.imp-parentheses.fr\/wp-content\/uploads\/2026\/02\/masques-150x99.jpg 150w\" sizes=\"auto, (max-width: 600px) 100vw, 600px\" \/><\/figure>\n\n\n\n<figure class=\"wp-block-image size-full\"><img loading=\"lazy\" decoding=\"async\" width=\"492\" height=\"400\" data-id=\"782\" src=\"https:\/\/www.imp-parentheses.fr\/wp-content\/uploads\/2026\/02\/puzzle.jpg\" alt=\"\" class=\"wp-image-782\" srcset=\"https:\/\/www.imp-parentheses.fr\/wp-content\/uploads\/2026\/02\/puzzle.jpg 492w, https:\/\/www.imp-parentheses.fr\/wp-content\/uploads\/2026\/02\/puzzle-300x244.jpg 300w, https:\/\/www.imp-parentheses.fr\/wp-content\/uploads\/2026\/02\/puzzle-150x122.jpg 150w\" sizes=\"auto, (max-width: 492px) 100vw, 492px\" \/><\/figure>\n<\/figure>\n\n\n\n<h4 class=\"wp-block-heading\">La seule limite, c&rsquo;est votre imagination !<\/h4>\n\n\n\n<hr class=\"wp-block-separator has-alpha-channel-opacity\"\/>\n\n\n\n<p class=\"has-text-align-center\"><strong>Pour toute demande de devis :<\/strong> <br>michel@imp-parentheses.fr  \/ stephane@imp-parentheses.fr<\/p>\n\n\n\n<p class=\"has-text-align-center\"><strong>Pour le suivi de vos livraisons :<\/strong><br>logistique@imp-parentheses.fr<\/p>\n\n\n\n<hr class=\"wp-block-separator has-alpha-channel-opacity\"\/>\n<\/div>\n<\/div>\n","protected":false},"excerpt":{"rendered":"<p>L&rsquo;imprimerie Parenth\u00e8ses est \u00e0 votre service pour toutes vos impressions offset, num\u00e9rique et grand format. Les nouvelles r\u00e9alisations Gr\u00e2ce \u00e0 notre machine de d\u00e9coupe \u00e0 plat, nous pouvons r\u00e9aliser des jeux de cartes, petites bo\u00eetes, adh\u00e9sifs, magnets, puzzles&#8230;Les outils permettent de faire des d\u00e9coupe et des rainages personnalis\u00e9s La seule limite, c&rsquo;est votre imagination ! [&hellip;]<\/p>\n","protected":false},"author":2,"featured_media":317,"parent":0,"menu_order":0,"comment_status":"closed","ping_status":"closed","template":"","meta":{"footnotes":""},"class_list":["post-332","page","type-page","status-publish","has-post-thumbnail","hentry"],"_links":{"self":[{"href":"https:\/\/www.imp-parentheses.fr\/bienvenue\/accueil\/wp-json\/wp\/v2\/pages\/332","targetHints":{"allow":["GET"]}}],"collection":[{"href":"https:\/\/www.imp-parentheses.fr\/bienvenue\/accueil\/wp-json\/wp\/v2\/pages"}],"about":[{"href":"https:\/\/www.imp-parentheses.fr\/bienvenue\/accueil\/wp-json\/wp\/v2\/types\/page"}],"author":[{"embeddable":true,"href":"https:\/\/www.imp-parentheses.fr\/bienvenue\/accueil\/wp-json\/wp\/v2\/users\/2"}],"replies":[{"embeddable":true,"href":"https:\/\/www.imp-parentheses.fr\/bienvenue\/accueil\/wp-json\/wp\/v2\/comments?post=332"}],"version-history":[{"count":41,"href":"https:\/\/www.imp-parentheses.fr\/bienvenue\/accueil\/wp-json\/wp\/v2\/pages\/332\/revisions"}],"predecessor-version":[{"id":795,"href":"https:\/\/www.imp-parentheses.fr\/bienvenue\/accueil\/wp-json\/wp\/v2\/pages\/332\/revisions\/795"}],"wp:featuredmedia":[{"embeddable":true,"href":"https:\/\/www.imp-parentheses.fr\/bienvenue\/accueil\/wp-json\/wp\/v2\/media\/317"}],"wp:attachment":[{"href":"https:\/\/www.imp-parentheses.fr\/bienvenue\/accueil\/wp-json\/wp\/v2\/media?parent=332"}],"curies":[{"name":"wp","href":"https:\/\/api.w.org\/{rel}","templated":true}]}}