{"id":7,"date":"2018-12-05T16:59:52","date_gmt":"2018-12-05T15:59:52","guid":{"rendered":"https:\/\/www.imp-parentheses.fr\/?page_id=7"},"modified":"2024-04-03T14:29:54","modified_gmt":"2024-04-03T12:29:54","slug":"impressions-print","status":"publish","type":"page","link":"https:\/\/www.imp-parentheses.fr\/bienvenue\/accueil\/impressions-print\/","title":{"rendered":"Nos r\u00e9alisations"},"content":{"rendered":"\n<p>L\u2019<strong>imprimerie Parenth\u00e8ses<\/strong> apporte une attention particuli\u00e8re \u00e0 la r\u00e9alisation des documents qui lui sont confi\u00e9s mais \u00e9galement \u00e0 la relation commerciale et technique avec ses diff\u00e9rents interlocuteurs.<\/p>\n\n\n\n<p>Nous vous proposons une grand vari\u00e9t\u00e9 de supports : papier, adh\u00e9sif, b\u00e2che&#8230;<br>Pour vos livres ou brochures, nous avons la possibilit\u00e9 de r\u00e9aliser des maquettes \u00ab\u00a0en blanc\u00a0\u00bb (assemblage de feuilles blanches pour valider le fa\u00e7onnage : dos carr\u00e9, brochure, pliage&#8230; afin d\u2019aiguiller vos choix et d\u2019adapter vos objets de communication sur les supports appropri\u00e9s.<\/p>\n\n\n\n<p class=\"has-text-align-center\"><em><strong>Des conseils personnalis\u00e9s,<\/strong> <strong>des devis gratuits,<\/strong><br><strong>de la r\u00e9activit\u00e9 pour l&rsquo;impression<\/strong> <strong>et le respect des d\u00e9lais.<\/strong><\/em><\/p>\n\n\n\n<p><strong>VENDRE<\/strong><br>Mailings, d\u00e9pliants, catalogues\u2026<\/p>\n\n\n\n<p><strong>INFORMER<\/strong><br>Brochures, livres, journaux d\u2019entreprise, bulletins municipaux\u2026<\/p>\n\n\n\n<p><strong>ANNONCER<\/strong><br>Flyers, affiches, invitations\u2026<\/p>\n\n\n\n<figure class=\"wp-block-image size-full\"><img loading=\"lazy\" decoding=\"async\" width=\"300\" height=\"235\" src=\"https:\/\/www.imp-parentheses.fr\/wp-content\/uploads\/2024\/04\/flyer.png\" alt=\"\" class=\"wp-image-548\" srcset=\"https:\/\/www.imp-parentheses.fr\/wp-content\/uploads\/2024\/04\/flyer.png 300w, https:\/\/www.imp-parentheses.fr\/wp-content\/uploads\/2024\/04\/flyer-150x118.png 150w\" sizes=\"auto, (max-width: 300px) 100vw, 300px\" \/><\/figure>\n\n\n\n<p><strong>VOUS SIGNALER<\/strong><br>Drapeaux, roll-ups, kak\u00e9monos, adh\u00e9sifs\u2026<\/p>\n\n\n\n<figure class=\"wp-block-image size-full\"><img loading=\"lazy\" decoding=\"async\" width=\"500\" height=\"452\" src=\"https:\/\/www.imp-parentheses.fr\/wp-content\/uploads\/2024\/04\/Rollup.png\" alt=\"\" class=\"wp-image-549\" srcset=\"https:\/\/www.imp-parentheses.fr\/wp-content\/uploads\/2024\/04\/Rollup.png 500w, https:\/\/www.imp-parentheses.fr\/wp-content\/uploads\/2024\/04\/Rollup-300x271.png 300w, https:\/\/www.imp-parentheses.fr\/wp-content\/uploads\/2024\/04\/Rollup-150x136.png 150w\" sizes=\"auto, (max-width: 500px) 100vw, 500px\" \/><\/figure>\n\n\n\n<p><strong>VOUS PR\u00c9SENTER<\/strong><br>Cartes commerciales, chemises, plaquettes\u2026<\/p>\n\n\n\n<figure class=\"wp-block-image size-full is-resized\"><img loading=\"lazy\" decoding=\"async\" width=\"250\" height=\"196\" src=\"https:\/\/www.imp-parentheses.fr\/wp-content\/uploads\/2024\/04\/carte-de-visite.png\" alt=\"\" class=\"wp-image-550\" style=\"width:250px;height:auto\" srcset=\"https:\/\/www.imp-parentheses.fr\/wp-content\/uploads\/2024\/04\/carte-de-visite.png 250w, https:\/\/www.imp-parentheses.fr\/wp-content\/uploads\/2024\/04\/carte-de-visite-150x118.png 150w\" sizes=\"auto, (max-width: 250px) 100vw, 250px\" \/><\/figure>\n\n\n\n<p><strong>VOTRE QUOTIDIEN<\/strong><br>Cartes de correspondance, enveloppes, factures, dossiers, liasses, marque-pages\u2026<\/p>\n\n\n\n<p><strong>VOS CLIENTS &amp; PARTENAIRES<\/strong><br>Calendriers, blocs, sous-mains, cartes de fid\u00e9lit\u00e9\u2026<\/p>\n","protected":false},"excerpt":{"rendered":"<p>L\u2019imprimerie Parenth\u00e8ses apporte une attention particuli\u00e8re \u00e0 la r\u00e9alisation des documents qui lui sont confi\u00e9s mais \u00e9galement \u00e0 la relation commerciale et technique avec ses diff\u00e9rents interlocuteurs. Nous vous proposons une grand vari\u00e9t\u00e9 de supports : papier, adh\u00e9sif, b\u00e2che&#8230;Pour vos livres ou brochures, nous avons la possibilit\u00e9 de r\u00e9aliser des maquettes \u00ab\u00a0en blanc\u00a0\u00bb (assemblage de [&hellip;]<\/p>\n","protected":false},"author":1,"featured_media":0,"parent":0,"menu_order":0,"comment_status":"closed","ping_status":"closed","template":"","meta":{"footnotes":""},"class_list":["post-7","page","type-page","status-publish","hentry"],"_links":{"self":[{"href":"https:\/\/www.imp-parentheses.fr\/bienvenue\/accueil\/wp-json\/wp\/v2\/pages\/7","targetHints":{"allow":["GET"]}}],"collection":[{"href":"https:\/\/www.imp-parentheses.fr\/bienvenue\/accueil\/wp-json\/wp\/v2\/pages"}],"about":[{"href":"https:\/\/www.imp-parentheses.fr\/bienvenue\/accueil\/wp-json\/wp\/v2\/types\/page"}],"author":[{"embeddable":true,"href":"https:\/\/www.imp-parentheses.fr\/bienvenue\/accueil\/wp-json\/wp\/v2\/users\/1"}],"replies":[{"embeddable":true,"href":"https:\/\/www.imp-parentheses.fr\/bienvenue\/accueil\/wp-json\/wp\/v2\/comments?post=7"}],"version-history":[{"count":21,"href":"https:\/\/www.imp-parentheses.fr\/bienvenue\/accueil\/wp-json\/wp\/v2\/pages\/7\/revisions"}],"predecessor-version":[{"id":564,"href":"https:\/\/www.imp-parentheses.fr\/bienvenue\/accueil\/wp-json\/wp\/v2\/pages\/7\/revisions\/564"}],"wp:attachment":[{"href":"https:\/\/www.imp-parentheses.fr\/bienvenue\/accueil\/wp-json\/wp\/v2\/media?parent=7"}],"curies":[{"name":"wp","href":"https:\/\/api.w.org\/{rel}","templated":true}]}}