{"id":9,"date":"2018-12-05T17:06:11","date_gmt":"2018-12-05T16:06:11","guid":{"rendered":"https:\/\/www.imp-parentheses.fr\/?page_id=9"},"modified":"2026-02-19T12:16:30","modified_gmt":"2026-02-19T11:16:30","slug":"atelier-machines-imprimerie","status":"publish","type":"page","link":"https:\/\/www.imp-parentheses.fr\/bienvenue\/accueil\/atelier-machines-imprimerie\/","title":{"rendered":"L&rsquo;atelier"},"content":{"rendered":"\n<h2 class=\"wp-block-heading\">Impression OFFSET<br>5 couleurs<\/h2>\n\n\n\n<h2 class=\"wp-block-heading\">Impression num\u00e9rique professionnelle<\/h2>\n\n\n\n<h3 class=\"wp-block-heading\">Traceur  grand format<\/h3>\n\n\n\n<p><strong>\u00e9cologique<\/strong> : encres aqueuses \u00e0 base de latex sans odeur, pas de polluants volatiles et non inflammables. La durabilit\u00e9 des travaux est identique aux solutions \u00e0 encres \u00e9co-solvants.<br>Nos supports disponibles papier, vynil adh\u00e9sif, b\u00e2che, magn\u00e9tique, micro-perfor\u00e9&#8230;<\/p>\n\n\n\n<h3 class=\"wp-block-heading\">Plotter de d\u00e9coupe<\/h3>\n\n\n\n<p>Le Plotter permet de d\u00e9couper les adh\u00e9sifs, selon des formes enti\u00e8rement personnalisables. Vous obtenez des adh\u00e9sifs facilement d\u00e9tachable du support.<\/p>\n\n\n\n<h2 class=\"wp-block-heading\">FA\u00c7ONNAGE<\/h2>\n\n\n\n<h3 class=\"wp-block-heading has-text-align-center\">Rigueur et pr\u00e9cision<br>pour un produit fini de qualit\u00e9<\/h3>\n\n\n\n<p><strong>Finition<\/strong><br>Vernis s\u00e9lectif, pelliculage, d\u00e9coupe et rainage, gaufrage, reliure Wire\u2019O, dos carr\u00e9 coll\u00e9<\/p>\n\n\n\n<p><strong>Plieuse<\/strong><br>Plis roul\u00e9s, crois\u00e9s, accord\u00e9on, portefeuille&#8230;<\/p>\n\n\n\n<p><strong>Assembleuse-piqueuse<\/strong><br>Brochure, liasse<\/p>\n\n\n\n<p><strong>Conditionnement et exp\u00e9dition<\/strong><br>pour une livraison sur l&rsquo;agglom\u00e9ration nantaise ou nationale, nous travaillons avec des coursiers et transporteurs pour vous assurer le meilleur rapport qualit\u00e9\/prix\/d\u00e9lai.<\/p>\n","protected":false},"excerpt":{"rendered":"<p>Impression OFFSET5 couleurs Impression num\u00e9rique professionnelle Traceur grand format \u00e9cologique : encres aqueuses \u00e0 base de latex sans odeur, pas de polluants volatiles et non inflammables. La durabilit\u00e9 des travaux est identique aux solutions \u00e0 encres \u00e9co-solvants.Nos supports disponibles papier, vynil adh\u00e9sif, b\u00e2che, magn\u00e9tique, micro-perfor\u00e9&#8230; Plotter de d\u00e9coupe Le Plotter permet de d\u00e9couper les adh\u00e9sifs, [&hellip;]<\/p>\n","protected":false},"author":1,"featured_media":0,"parent":0,"menu_order":0,"comment_status":"closed","ping_status":"closed","template":"","meta":{"footnotes":""},"class_list":["post-9","page","type-page","status-publish","hentry"],"_links":{"self":[{"href":"https:\/\/www.imp-parentheses.fr\/bienvenue\/accueil\/wp-json\/wp\/v2\/pages\/9","targetHints":{"allow":["GET"]}}],"collection":[{"href":"https:\/\/www.imp-parentheses.fr\/bienvenue\/accueil\/wp-json\/wp\/v2\/pages"}],"about":[{"href":"https:\/\/www.imp-parentheses.fr\/bienvenue\/accueil\/wp-json\/wp\/v2\/types\/page"}],"author":[{"embeddable":true,"href":"https:\/\/www.imp-parentheses.fr\/bienvenue\/accueil\/wp-json\/wp\/v2\/users\/1"}],"replies":[{"embeddable":true,"href":"https:\/\/www.imp-parentheses.fr\/bienvenue\/accueil\/wp-json\/wp\/v2\/comments?post=9"}],"version-history":[{"count":39,"href":"https:\/\/www.imp-parentheses.fr\/bienvenue\/accueil\/wp-json\/wp\/v2\/pages\/9\/revisions"}],"predecessor-version":[{"id":787,"href":"https:\/\/www.imp-parentheses.fr\/bienvenue\/accueil\/wp-json\/wp\/v2\/pages\/9\/revisions\/787"}],"wp:attachment":[{"href":"https:\/\/www.imp-parentheses.fr\/bienvenue\/accueil\/wp-json\/wp\/v2\/media?parent=9"}],"curies":[{"name":"wp","href":"https:\/\/api.w.org\/{rel}","templated":true}]}}